{"id":2,"date":"2008-09-14T20:10:12","date_gmt":"2008-09-14T20:10:12","guid":{"rendered":"http:\/\/acertijos.estemon.net\/?page_id=2"},"modified":"2008-09-21T16:57:54","modified_gmt":"2008-09-21T14:57:54","slug":"about","status":"publish","type":"page","link":"http:\/\/www.acertijos.org\/?page_id=2","title":{"rendered":"Sobre&#8230;"},"content":{"rendered":"<div title='Click to quote this paragraph in your reply below' class='clickquote'><p><p><strong>Acertijos.org<\/strong> ha nacido en menos que canta un gallo.<\/p><\/p><\/div>\n<div title='Click to quote this paragraph in your reply below' class='clickquote'><p><p>Lo que pretendemos es construir una web donde recopilar cientos de acertijos, juegos visuales, de l\u00f3gica, matem\u00e1ticos y otro tipo de curiosidades que pueden tenernos entretenidos tanto en solitario, intentando descifrar algunos de las m\u00e1s complejas preguntas que se pueden formular en forma de juego, como en compa\u00f1\u00eda de vuestros amigos y familias, ya que, al fin y al cabo, esta idea surge despu\u00e9s de una reuni\u00f3n familiar como tantas otras, alrededor de un l\u00e1piz y un papel, con ganas de poner a prueba nuestra mente.<\/p><\/p><\/div>\n<div title='Click to quote this paragraph in your reply below' class='clickquote'><p><p>Esperamos que poco a poco y entre todos podamos ir construyendo este espacio a gusto de todos!<\/p><\/p><\/div>\n<div title='Click to quote this paragraph in your reply below' class='clickquote'><p><p><strong>\u00a1Ay\u00fadanos con tus ideas!<\/strong> Env\u00eda tus acertijos, juegos visuales, preguntas, sugerencias o cualquier otra cosa que se te ocurra a <span style=\"text-decoration: underline;\"><em>acertijos PUNTO org ARROBA gmail PUNTO com<\/em><\/span> y, si es algo para publicar, lo haremos tan pronto como podamos. Muchas gracias por tu participaci\u00f3n. Tambi\u00e9n puedes usar el <strong>siguiente formulario<\/strong>:<\/p><\/p><\/div>\n<div title='Click to quote this paragraph in your reply below' class='clickquote'><p><p><!--cforms name=\"Formulario est\u00e1ndar\"--><\/p><\/p><\/div>\n<div title='Click to quote this paragraph in your reply below' class='clickquote'><p><p><strong>Aviso<\/strong>: Toda la informaci\u00f3n recopilada en esta web se encuentra bajo una licencia Creative Commons\u00a0<a href=\"http:\/\/creativecommons.org\/licenses\/by-nc\/3.0\/\"><img loading=\"lazy\" decoding=\"async\" title=\"Licencia de Creative Commons\" src=\"http:\/\/i.creativecommons.org\/l\/by-nc\/3.0\/80x15.png\" alt=\"Licencia de Creative Commons\" width=\"80\" height=\"15\" \/><\/a>\u00a0del tipo <em>Reconocimiento &#8211; No Comercial<\/em>, lo que indica que puedes copiar, distribuir, reutilizar, modificar y dar a conocer libremente cualquier contenido de la web, siempre que reconozcas la fuente y en ning\u00fan caso aprovechando de manera comercial los contenidos. \u00a1Eres libre de tomar cu\u00e1nto quieras de aqu\u00ed!<\/p><\/p><\/div>\n","protected":false},"excerpt":{"rendered":"<p>Acertijos.org ha nacido en menos que canta un gallo. Lo que pretendemos es construir una web donde recopilar cientos de acertijos, juegos visuales, de l\u00f3gica, matem\u00e1ticos y otro tipo de curiosidades que pueden tenernos entretenidos tanto en solitario, intentando descifrar algunos de las m\u00e1s complejas preguntas que se pueden formular en forma de juego, como &hellip; <a href=\"http:\/\/www.acertijos.org\/?page_id=2\" class=\"more-link\">Seguir leyendo <span class=\"screen-reader-text\">Sobre&#8230;<\/span> <span class=\"meta-nav\">&rarr;<\/span><\/a><\/p>\n","protected":false},"author":1,"featured_media":0,"parent":0,"menu_order":0,"comment_status":"closed","ping_status":"closed","template":"","meta":{"footnotes":""},"class_list":["post-2","page","type-page","status-publish","hentry"],"_links":{"self":[{"href":"http:\/\/www.acertijos.org\/index.php?rest_route=\/wp\/v2\/pages\/2","targetHints":{"allow":["GET"]}}],"collection":[{"href":"http:\/\/www.acertijos.org\/index.php?rest_route=\/wp\/v2\/pages"}],"about":[{"href":"http:\/\/www.acertijos.org\/index.php?rest_route=\/wp\/v2\/types\/page"}],"author":[{"embeddable":true,"href":"http:\/\/www.acertijos.org\/index.php?rest_route=\/wp\/v2\/users\/1"}],"replies":[{"embeddable":true,"href":"http:\/\/www.acertijos.org\/index.php?rest_route=%2Fwp%2Fv2%2Fcomments&post=2"}],"version-history":[{"count":8,"href":"http:\/\/www.acertijos.org\/index.php?rest_route=\/wp\/v2\/pages\/2\/revisions"}],"predecessor-version":[{"id":5,"href":"http:\/\/www.acertijos.org\/index.php?rest_route=\/wp\/v2\/pages\/2\/revisions\/5"}],"wp:attachment":[{"href":"http:\/\/www.acertijos.org\/index.php?rest_route=%2Fwp%2Fv2%2Fmedia&parent=2"}],"curies":[{"name":"wp","href":"https:\/\/api.w.org\/{rel}","templated":true}]}}