{"id":535,"date":"2009-04-05T22:40:53","date_gmt":"2009-04-05T20:40:53","guid":{"rendered":"http:\/\/www.acertijos.org\/?page_id=535"},"modified":"2009-05-29T13:30:15","modified_gmt":"2009-05-29T11:30:15","slug":"ranking","status":"publish","type":"page","link":"http:\/\/www.acertijos.org\/?page_id=535","title":{"rendered":"Ranking"},"content":{"rendered":"<div title='Click to quote this paragraph in your reply below' class='clickquote'><p><p>A petici\u00f3n vuestra y para celebrar los 200 acertijos de nuestra p\u00e1gina, iremos contabilizando las primeros en dar una respuesta correcta para cada acertijo propuesto para establecer un ranking de usuarios. Por un lado mantendremos una lista mensual de jugadores, al mismo tiempo que iremos manteniendo un ranking general con el siguiente sistema de puntuaci\u00f3n:<\/p><\/p><\/div>\n<div title='Click to quote this paragraph in your reply below' class='clickquote'><p><p>El usuario con m\u00e1s primeras respuestas correctas del mes anterior: 3 puntos<br \/>\nEl segundo usuario con m\u00e1s primeras respuestas correctas: 2 puntos<br \/>\nEl tercer usuario con m\u00e1s primeras respuestas correctas: 1 punto<\/p><\/p><\/div>\n<div title='Click to quote this paragraph in your reply below' class='clickquote'><p><p>De esta forma podr\u00e9is ir viendo vuestro progreso en este espacio. Espero que os guste esta propuesta, y si teneis alguna idea para mejorarla lo podeis comentar en esta misma p\u00e1gina. Si se os ocurre algo m\u00e1s que contabilizar (la respuesta m\u00e1s divertida, el acertijo m\u00e1s divertido, etc.) s\u00f3lo ten\u00e9is que proponerlo y veremos qu\u00e9 se puede hacer \ud83d\ude42 \u00a1Suerte!<\/p><\/p><\/div>\n<div title='Click to quote this paragraph in your reply below' class='clickquote'><p><p>\u00a0<\/p><\/p><\/div>\n<div title='Click to quote this paragraph in your reply below' class='clickquote'><p><hr \/><\/p><\/div>\n<div title='Click to quote this paragraph in your reply below' class='clickquote'><p><p>(actualizado el 12 de mayo de 2009)<\/p><\/p><\/div>\n<div title='Click to quote this paragraph in your reply below' class='clickquote'><p><p>\u00a0<\/p><\/p><\/div>\n<div title='Click to quote this paragraph in your reply below' class='clickquote'><p><p>\u00a0<\/p><\/p><\/div>\n<div title='Click to quote this paragraph in your reply below' class='clickquote'><p><p>\u00a0<\/p><\/p><\/div>\n<div title='Click to quote this paragraph in your reply below' class='clickquote'><p><h1><span style=\"text-decoration: underline;\">Ranking General<\/span><\/h1><\/p><\/div>\n<div title='Click to quote this paragraph in your reply below' class='clickquote'><p><p>(3) Pablo Sussi<br \/>\n(2) Buliano<br \/>\n(1) Albert<br \/>\n(1) Infern\u00a0<\/p><\/p><\/div>\n<div title='Click to quote this paragraph in your reply below' class='clickquote'><p><h3><strong><span style=\"text-decoration: underline;\">Ranking de mayo de 2009<\/span><\/strong><\/h3><\/p><\/div>\n<div title='Click to quote this paragraph in your reply below' class='clickquote'><p><p>(15) Pablo Sussi (<a href=\"http:\/\/www.acertijos.org\/2009\/05\/226-caballeros-y-escuderos-iv\/\">226<\/a>, <a href=\"http:\/\/www.acertijos.org\/2009\/05\/227-los-cofres-de-porcia\/\">227<\/a>, <a href=\"http:\/\/www.acertijos.org\/2009\/05\/228-una-apuesta\/\">228<\/a>, <a href=\"http:\/\/www.acertijos.org\/2009\/05\/230-el-perro-de-acerrimo\/\">230<\/a>, <a href=\"http:\/\/www.acertijos.org\/2009\/05\/232-los-sombreros-del-profesor\/\">232<\/a>, <a href=\"http:\/\/www.acertijos.org\/2009\/05\/233-la-aristocracia-del-xix\/\">233<\/a>, <a href=\"http:\/\/www.acertijos.org\/2009\/05\/234-especial-dominical-7-sigue-la-serie\/\">234<\/a> (x2), <a href=\"http:\/\/www.acertijos.org\/2009\/05\/239-los-estorninos-en-el-cerezo\/\">239<\/a>, <a href=\"http:\/\/www.acertijos.org\/2009\/05\/240-muerte-en-el-taller\/\">240<\/a>, <a href=\"http:\/\/www.acertijos.org\/2009\/05\/241-el-robo-de-las-monedas\/\">241<\/a>, <a href=\"http:\/\/www.acertijos.org\/2009\/05\/242-el-contrato-de-trabajo\/\">242<\/a>, <a href=\"http:\/\/www.acertijos.org\/2009\/05\/245-jugando-a-tenis\/\">245<\/a>, <a href=\"http:\/\/www.acertijos.org\/2009\/05\/246-de-maestros\/\">246<\/a>, <a href=\"http:\/\/www.acertijos.org\/2009\/05\/251-coches-usados\/\">251<\/a>)<br \/>\n(6) Albert (<a href=\"http:\/\/www.acertijos.org\/2009\/05\/229-el-sabio-de-la-colina\/\">229<\/a>,\u00a0<a href=\"http:\/\/www.acertijos.org\/2009\/05\/231-misterio-bajo-la-carpa\/\">231<\/a>, <a href=\"http:\/\/www.acertijos.org\/2009\/05\/243-mitades-y-tercios\/\">243<\/a>, <a href=\"http:\/\/www.acertijos.org\/2009\/05\/244-reyes-coronados\/\">244<\/a>, <a href=\"http:\/\/www.acertijos.org\/2009\/05\/248-leyendo-de-noche\/\">248<\/a>, <a href=\"http:\/\/www.acertijos.org\/2009\/05\/249-la-edad-de-andresita\/\">249<\/a>)<br \/>\n(3) Infern (<a href=\"http:\/\/www.acertijos.org\/2009\/05\/235-vacaciones\/\">235<\/a>,\u00a0<a href=\"http:\/\/www.acertijos.org\/2009\/05\/236-\u00bfque-hora-es\/\">236<\/a>, <a href=\"http:\/\/www.acertijos.org\/2009\/05\/245-jugando-a-tenis\/\">245<\/a>)<br \/>\n(2) Buliano (<a href=\"http:\/\/www.acertijos.org\/2009\/05\/237-sin-mojarse\/\">237<\/a>,\u00a0<a href=\"http:\/\/www.acertijos.org\/2009\/05\/250-las-enmiendas-de-la-constitucion\/\">250<\/a>)<br \/>\n(1) Mois\u00e9s (<a href=\"http:\/\/www.acertijos.org\/2009\/05\/225-culpable-e-inocente\/\">225<\/a>)<br \/>\n(1) Er_bateria (<a href=\"http:\/\/www.acertijos.org\/2009\/05\/247-en-contradireccion\/\">247<\/a>)<br \/>\n(1) Vero (<a href=\"http:\/\/www.acertijos.org\/2009\/05\/252-matrimonio-con-nueve\/\">252<\/a>)\u00a0<\/p><\/p><\/div>\n<div title='Click to quote this paragraph in your reply below' class='clickquote'><p><h3><span style=\"text-decoration: underline;\">Ranking de abril de 2009<\/span><\/h3><\/p><\/div>\n<div title='Click to quote this paragraph in your reply below' class='clickquote'><p><p>(13) Pablo Sussi (<a href=\"http:\/\/www.acertijos.org\/2009\/04\/205-el-naufrago-suicida\/\">205<\/a>, <a href=\"http:\/\/www.acertijos.org\/2009\/04\/206-andar-y-correr\/\">206<\/a>, <a href=\"http:\/\/www.acertijos.org\/2009\/04\/207-el-tren-de-reponitica\/\">207<\/a>, <a href=\"http:\/\/www.acertijos.org\/2009\/04\/209-asesinato-en-cinco-dias\/\">209<\/a>, <a href=\"http:\/\/www.acertijos.org\/2009\/04\/210-matu-y-salen\/\">210<\/a>, <a href=\"http:\/\/www.acertijos.org\/2009\/04\/213-los-pretendientes-de-la-princesa\/\">213<\/a>, <a href=\"http:\/\/www.acertijos.org\/2009\/04\/215-los-discos-de-pajaros\/\">215<\/a>, <a href=\"http:\/\/www.acertijos.org\/2009\/04\/216-como-correr\/\">216<\/a>, <a href=\"http:\/\/www.acertijos.org\/2009\/04\/218-pescadores-y-espias\/\">218<\/a>, <a href=\"http:\/\/www.acertijos.org\/2009\/04\/219-recogiendo-setas\/\">219<\/a>, <a href=\"http:\/\/www.acertijos.org\/2009\/04\/220-de-abogados\/\">220<\/a>, <a href=\"http:\/\/www.acertijos.org\/2009\/04\/222-carreras\/\">223<\/a>, <a href=\"http:\/\/www.acertijos.org\/2009\/04\/224-asesinato-en-la-redaccion\/\">224<\/a>)<br \/>\n(3) Buliano (<a href=\"http:\/\/www.acertijos.org\/2009\/04\/208-palabras-cruzadas\/\">208<\/a>,\u00a0<a href=\"http:\/\/www.acertijos.org\/2009\/04\/221-el-asunto-don-tanto\/\">221<\/a>,\u00a0<a href=\"http:\/\/www.acertijos.org\/2009\/04\/222-los-viajes-de-acerrimo\/\">222<\/a>)<br \/>\n<span style=\"font-weight: normal;\"><span style=\"text-decoration: none;\">(2) Albert (<\/span><a href=\"http:\/\/www.acertijos.org\/2009\/04\/200-cruzando-trenes\/\"><span style=\"text-decoration: none;\"><span style=\"text-decoration: none;\">200<\/span><\/span><\/a><span style=\"text-decoration: none;\">, <a href=\"http:\/\/www.acertijos.org\/2009\/04\/214-el-testamento-de-la-abuela\/\">214<\/a>)<br \/>\n(2) Infern (<a href=\"http:\/\/www.acertijos.org\/2009\/04\/201-rompiendo-parachoques\/\">201<\/a>, <a href=\"http:\/\/www.acertijos.org\/2009\/04\/212-el-primero-de-mayo\/\">212<\/a>)<br \/>\n(1) Szarfer (<a href=\"http:\/\/www.acertijos.org\/2009\/04\/202-de-palomas-y-huevos\/\">202<\/a>)\u00a0<br \/>\n(1) Agus72 (<a href=\"http:\/\/www.acertijos.org\/2009\/04\/203-el-sobrino-de-don-tanto\/\">203<\/a>)\u00a0<\/span><\/span><\/p><\/p><\/div>\n","protected":false},"excerpt":{"rendered":"<p>A petici\u00f3n vuestra y para celebrar los 200 acertijos de nuestra p\u00e1gina, iremos contabilizando las primeros en dar una respuesta correcta para cada acertijo propuesto para establecer un ranking de usuarios. Por un lado mantendremos una lista mensual de jugadores, al mismo tiempo que iremos manteniendo un ranking general con el siguiente sistema de puntuaci\u00f3n: &hellip; <a href=\"http:\/\/www.acertijos.org\/?page_id=535\" class=\"more-link\">Seguir leyendo <span class=\"screen-reader-text\">Ranking<\/span> <span class=\"meta-nav\">&rarr;<\/span><\/a><\/p>\n","protected":false},"author":1,"featured_media":0,"parent":0,"menu_order":0,"comment_status":"open","ping_status":"open","template":"","meta":{"footnotes":""},"class_list":["post-535","page","type-page","status-publish","hentry"],"_links":{"self":[{"href":"http:\/\/www.acertijos.org\/index.php?rest_route=\/wp\/v2\/pages\/535","targetHints":{"allow":["GET"]}}],"collection":[{"href":"http:\/\/www.acertijos.org\/index.php?rest_route=\/wp\/v2\/pages"}],"about":[{"href":"http:\/\/www.acertijos.org\/index.php?rest_route=\/wp\/v2\/types\/page"}],"author":[{"embeddable":true,"href":"http:\/\/www.acertijos.org\/index.php?rest_route=\/wp\/v2\/users\/1"}],"replies":[{"embeddable":true,"href":"http:\/\/www.acertijos.org\/index.php?rest_route=%2Fwp%2Fv2%2Fcomments&post=535"}],"version-history":[{"count":14,"href":"http:\/\/www.acertijos.org\/index.php?rest_route=\/wp\/v2\/pages\/535\/revisions"}],"predecessor-version":[{"id":537,"href":"http:\/\/www.acertijos.org\/index.php?rest_route=\/wp\/v2\/pages\/535\/revisions\/537"}],"wp:attachment":[{"href":"http:\/\/www.acertijos.org\/index.php?rest_route=%2Fwp%2Fv2%2Fmedia&parent=535"}],"curies":[{"name":"wp","href":"https:\/\/api.w.org\/{rel}","templated":true}]}}